{"id":107,"date":"2024-04-03T03:32:00","date_gmt":"2024-04-03T03:32:00","guid":{"rendered":"https:\/\/homeyawp.themesflat.co\/?page_id=107"},"modified":"2025-05-07T14:30:40","modified_gmt":"2025-05-07T17:30:40","slug":"nuestros-servicios","status":"publish","type":"page","link":"https:\/\/www.propiedadesisi21.cl\/en\/nuestros-servicios\/","title":{"rendered":"Nuestros Servicios"},"content":{"rendered":"<div data-elementor-type=\"wp-page\" data-elementor-id=\"107\" class=\"elementor elementor-107\" data-elementor-post-type=\"page\">\n\t\t\t\t<div class=\"elementor-element elementor-element-8682c0a e-con-full e-flex e-con e-parent\" data-id=\"8682c0a\" data-element_type=\"container\">\n\t\t\t\t<div class=\"elementor-element elementor-element-63eec98 elementor-widget elementor-widget-tf-title-section\" data-id=\"63eec98\" data-element_type=\"widget\" data-widget_type=\"tf-title-section.default\">\n\t\t\t\t<div class=\"elementor-widget-container\">\n\t\t\t\t\t<div id=\"tf-title-section-63eec98\" class=\"tf-title-section tf-split-text style1\" data-tabid=\"63eec98\"> \r\n\t\t\t\t\r\n\t\t\t\t<div class=\"title-section\">\r\n\t\t\t\t\t<div class=\"subtitle\">Nuestros Servicios<\/div>\r\n\t\t\t\t\t<h4 class=\"heading\" data-splitting>\u00bfQu\u00e9 hacemos?<\/h4>\r\n\t\t\t\t\t\r\n\t\t\t\t<\/div>                \r\n            <\/div>\t\t\t\t<\/div>\n\t\t\t\t<\/div>\n\t\t<div class=\"elementor-element elementor-element-0b71ebd e-flex e-con-boxed e-con e-child\" data-id=\"0b71ebd\" data-element_type=\"container\">\n\t\t\t\t\t<div class=\"e-con-inner\">\n\t\t<div class=\"elementor-element elementor-element-3adfb4a e-con-full e-flex e-con e-child\" data-id=\"3adfb4a\" data-element_type=\"container\">\n\t\t\t\t<div class=\"elementor-element elementor-element-f8132b9 elementor-widget__width-initial elementor-position-top elementor-widget elementor-widget-image-box\" data-id=\"f8132b9\" data-element_type=\"widget\" data-widget_type=\"image-box.default\">\n\t\t\t\t<div class=\"elementor-widget-container\">\n\t\t\t\t\t<div class=\"elementor-image-box-wrapper\"><figure class=\"elementor-image-box-img\"><img decoding=\"async\" width=\"204\" height=\"182\" src=\"https:\/\/www.propiedadesisi21.cl\/wp-content\/uploads\/2024\/05\/Rectangle-1.png\" class=\"attachment-full size-full wp-image-2983\" alt=\"\" \/><\/figure><div class=\"elementor-image-box-content\"><h3 class=\"elementor-image-box-title\">Comprar una propiedad<\/h3><p class=\"elementor-image-box-description\">Descubra la casa de sus sue\u00f1os sin esfuerzo. Explore diversas propiedades y orientaci\u00f3n experta para una experiencia de compra perfecta.<\/p><\/div><\/div>\t\t\t\t<\/div>\n\t\t\t\t<\/div>\n\t\t\t\t<\/div>\n\t\t<div class=\"elementor-element elementor-element-3ff33c7 e-con-full e-flex e-con e-child\" data-id=\"3ff33c7\" data-element_type=\"container\">\n\t\t\t\t<div class=\"elementor-element elementor-element-bdf1a0f elementor-widget__width-initial elementor-position-top elementor-widget elementor-widget-image-box\" data-id=\"bdf1a0f\" data-element_type=\"widget\" data-widget_type=\"image-box.default\">\n\t\t\t\t<div class=\"elementor-widget-container\">\n\t\t\t\t\t<div class=\"elementor-image-box-wrapper\"><figure class=\"elementor-image-box-img\"><img decoding=\"async\" width=\"220\" height=\"182\" src=\"https:\/\/www.propiedadesisi21.cl\/wp-content\/uploads\/2024\/05\/Rectangle-2.png\" class=\"attachment-full size-full wp-image-3170\" alt=\"\" \/><\/figure><div class=\"elementor-image-box-content\"><h3 class=\"elementor-image-box-title\">Vender una propiedad<\/h3><p class=\"elementor-image-box-description\">Venda con confianza con orientaci\u00f3n experta y estrategias efectivas, mostrando las mejores caracter\u00edsticas de su propiedad para una venta exitosa.<\/p><\/div><\/div>\t\t\t\t<\/div>\n\t\t\t\t<\/div>\n\t\t\t\t<\/div>\n\t\t<div class=\"elementor-element elementor-element-e12abdd e-con-full e-flex e-con e-child\" data-id=\"e12abdd\" data-element_type=\"container\">\n\t\t\t\t<div class=\"elementor-element elementor-element-ac676bf elementor-widget__width-initial elementor-position-top elementor-widget elementor-widget-image-box\" data-id=\"ac676bf\" data-element_type=\"widget\" data-widget_type=\"image-box.default\">\n\t\t\t\t<div class=\"elementor-widget-container\">\n\t\t\t\t\t<div class=\"elementor-image-box-wrapper\"><figure class=\"elementor-image-box-img\"><img decoding=\"async\" width=\"226\" height=\"182\" src=\"https:\/\/www.propiedadesisi21.cl\/wp-content\/uploads\/2024\/05\/Rectangle-1-1.png\" class=\"attachment-full size-full wp-image-3169\" alt=\"\" \/><\/figure><div class=\"elementor-image-box-content\"><h3 class=\"elementor-image-box-title\">Arrendar<\/h3><p class=\"elementor-image-box-description\">Descubra su alquiler perfecto sin esfuerzo. Explore una amplia variedad de listados dise\u00f1ados precisamente para satisfacer sus necesidades \u00fanicas de estilo de vida.<\/p><\/div><\/div>\t\t\t\t<\/div>\n\t\t\t\t<\/div>\n\t\t\t\t<\/div>\n\t\t\t\t\t<\/div>\n\t\t\t\t<\/div>\n\t\t\t\t<\/div>\n\t\t<div class=\"elementor-element elementor-element-80e2187 e-flex e-con-boxed e-con e-parent\" data-id=\"80e2187\" data-element_type=\"container\">\n\t\t\t\t\t<div class=\"e-con-inner\">\n\t\t\t\t<div class=\"elementor-element elementor-element-ad8c2ab elementor-widget elementor-widget-text-editor\" data-id=\"ad8c2ab\" data-element_type=\"widget\" data-widget_type=\"text-editor.default\">\n\t\t\t\t<div class=\"elementor-widget-container\">\n\t\t\t\t\t\t\t\t\t<p><strong>\u00a0<\/strong><\/p><p><strong>&lt;&#8212;&#8211;\u00a0 Cont\u00e1ctanos a nuestro WhatsApp de <\/strong><\/p><p><strong>Asociadas O&#8217;Higgins<\/strong><\/p><p><strong>\u00a0<\/strong><\/p>\t\t\t\t\t\t\t\t<\/div>\n\t\t\t\t<\/div>\n\t\t\t\t\t<\/div>\n\t\t\t\t<\/div>\n\t\t\t\t<\/div>","protected":false},"excerpt":{"rendered":"<p>Nuestros Servicios \u00bfQu\u00e9 hacemos? Comprar una propiedad Descubra la casa de sus sue\u00f1os sin esfuerzo. Explore diversas propiedades y orientaci\u00f3n experta para una experiencia de [&hellip;]<\/p>","protected":false},"author":1,"featured_media":0,"parent":0,"menu_order":0,"comment_status":"closed","ping_status":"closed","template":"elementor_header_footer","meta":{"inline_featured_image":false,"footnotes":""},"class_list":["post-107","page","type-page","status-publish","hentry"],"_links":{"self":[{"href":"https:\/\/www.propiedadesisi21.cl\/en\/wp-json\/wp\/v2\/pages\/107","targetHints":{"allow":["GET"]}}],"collection":[{"href":"https:\/\/www.propiedadesisi21.cl\/en\/wp-json\/wp\/v2\/pages"}],"about":[{"href":"https:\/\/www.propiedadesisi21.cl\/en\/wp-json\/wp\/v2\/types\/page"}],"author":[{"embeddable":true,"href":"https:\/\/www.propiedadesisi21.cl\/en\/wp-json\/wp\/v2\/users\/1"}],"replies":[{"embeddable":true,"href":"https:\/\/www.propiedadesisi21.cl\/en\/wp-json\/wp\/v2\/comments?post=107"}],"version-history":[{"count":10,"href":"https:\/\/www.propiedadesisi21.cl\/en\/wp-json\/wp\/v2\/pages\/107\/revisions"}],"predecessor-version":[{"id":5319,"href":"https:\/\/www.propiedadesisi21.cl\/en\/wp-json\/wp\/v2\/pages\/107\/revisions\/5319"}],"wp:attachment":[{"href":"https:\/\/www.propiedadesisi21.cl\/en\/wp-json\/wp\/v2\/media?parent=107"}],"curies":[{"name":"wp","href":"https:\/\/api.w.org\/{rel}","templated":true}]}}