{"id":109,"date":"2024-04-03T03:32:18","date_gmt":"2024-04-03T03:32:18","guid":{"rendered":"https:\/\/homeyawp.themesflat.co\/?page_id=109"},"modified":"2025-05-07T14:28:19","modified_gmt":"2025-05-07T17:28:19","slug":"nosotros","status":"publish","type":"page","link":"https:\/\/www.propiedadesisi21.cl\/en\/nosotros\/","title":{"rendered":"Nosotros"},"content":{"rendered":"<div data-elementor-type=\"wp-page\" data-elementor-id=\"109\" class=\"elementor elementor-109\" data-elementor-post-type=\"page\">\n\t\t\t\t<div class=\"elementor-element elementor-element-94580fe tf-animated-item e-flex e-con-boxed e-con e-parent\" data-id=\"94580fe\" data-element_type=\"container\" data-settings=\"{&quot;background_background&quot;:&quot;classic&quot;}\">\n\t\t\t\t\t<div class=\"e-con-inner\">\n\t\t<div class=\"elementor-element elementor-element-3143284 e-flex e-con-boxed e-con e-child\" data-id=\"3143284\" data-element_type=\"container\">\n\t\t\t\t\t<div class=\"e-con-inner\">\n\t\t\t\t<div class=\"elementor-element elementor-element-c65a350 elementor-widget elementor-widget-heading\" data-id=\"c65a350\" data-element_type=\"widget\" data-widget_type=\"heading.default\">\n\t\t\t\t<div class=\"elementor-widget-container\">\n\t\t\t\t\t<h2 class=\"elementor-heading-title elementor-size-default\">Bienvenido a AsociadasO'higgins<\/h2>\t\t\t\t<\/div>\n\t\t\t\t<\/div>\n\t\t\t\t<div class=\"elementor-element elementor-element-99945ce elementor-widget elementor-widget-text-editor\" data-id=\"99945ce\" data-element_type=\"widget\" data-widget_type=\"text-editor.default\">\n\t\t\t\t<div class=\"elementor-widget-container\">\n\t\t\t\t\t\t\t\t\t<p>Bienvenidos a &#8220;Asociadas O&#8217;higgins&#8221;, donde convertimos las casas en hogares y los sue\u00f1os en realidad. Entendemos que un hogar es m\u00e1s que solo un espacio f\u00edsico, es un lugar donde se crean recuerdos, las familias crecen y la vida se desarrolla.<\/p>\t\t\t\t\t\t\t\t<\/div>\n\t\t\t\t<\/div>\n\t\t\t\t\t<\/div>\n\t\t\t\t<\/div>\n\t\t\t\t\t<\/div>\n\t\t\t\t<\/div>\n\t\t<div class=\"elementor-element elementor-element-8b2daae e-flex e-con-boxed e-con e-parent\" data-id=\"8b2daae\" data-element_type=\"container\">\n\t\t\t\t\t<div class=\"e-con-inner\">\n\t\t\t\t<div class=\"elementor-element elementor-element-faebfb9 elementor-widget__width-initial elementor-widget elementor-widget-tf_agents_list\" data-id=\"faebfb9\" data-element_type=\"widget\" data-widget_type=\"tf_agents_list.default\">\n\t\t\t\t<div class=\"elementor-widget-container\">\n\t\t\t\t\t         <div id=\"tf-agent-faebfb9\" class=\"tf-agent-wrap themesflat-agent-taxonomy style3  has-carousel\" data-tabid=\"faebfb9\">\r\n             <div class=\"wrap-agent-post row column-3\">\r\n \r\n                                  <div class=\"owl-carousel\" data-loop=\"no\" data-auto=\"no\" data-column=\"3\" data-column2=\"2\" data-column3=\"1\" data-prev_icon=\"fas fa-arrow-left\"\r\n\t\t\t\tdata-next_icon=\"fas fa-arrow-right\" data-gap=\"0\" data-arrow=\"yes\" data-bullets=\"false\" data-rtl=\"\">\r\n                  \r\n                                      <div class=\"item\">\r\n\t\t<div class=\"agent-post agent-post-4890 no-social\">\r\n\t\t<div class=\"featured-post\">\r\n\t\t\t<div class=\"image-wrap\">\r\n\t\t\t\t<a href=\"https:\/\/www.propiedadesisi21.cl\/en\/agent\/marcela-nunez-hidalgo\/\" class=\"wrap-image\">\r\n\t\t\t\t\t<img decoding=\"async\" loading=\"lazy\" class=\"image-agent lazy\" src=\"\" data-src=\"https:\/\/www.propiedadesisi21.cl\/wp-content\/uploads\/2024\/05\/WhatsApp-Image-2025-04-30-at-4.42.43-PM-450x450.jpeg\" alt=\"image\">\t\t\t\t<\/a>\r\n\t\t\t\t\t\t\t<\/div>\r\n\t\t<\/div>\r\n\t\t<div class=\"content\">\r\n\t\t\t<div class=\"info\">\r\n\t\t\t\t<h6 class=\"title\">\r\n\t\t\t\t\t<a href=\"https:\/\/www.propiedadesisi21.cl\/en\/agent\/marcela-nunez-hidalgo\/\">Marcela Nu\u00f1ez Hidalgo<\/a>\r\n\t\t\t\t<\/h6>\r\n\t\t\t\t\t\t\t\t\t\t\t\t\t\t\t<div class=\"position\">Manager<\/div>\r\n\t\t\t\t\t\t\t\t\t\t\t\t<\/div>\r\n\t\t\t\t\t\t\t\t<\/div>\r\n\t<\/div>\r\n<\/div>                                      <div class=\"item\">\r\n\t\t<div class=\"agent-post agent-post-4887 no-social\">\r\n\t\t<div class=\"featured-post\">\r\n\t\t\t<div class=\"image-wrap\">\r\n\t\t\t\t<a href=\"https:\/\/www.propiedadesisi21.cl\/en\/agent\/marcela-valdes-salazar\/\" class=\"wrap-image\">\r\n\t\t\t\t\t<img decoding=\"async\" loading=\"lazy\" class=\"image-agent lazy\" src=\"\" data-src=\"https:\/\/www.propiedadesisi21.cl\/wp-content\/uploads\/2024\/05\/WhatsApp-Image-2025-04-30-at-4.46.20-PM-450x450.jpeg\" alt=\"image\">\t\t\t\t<\/a>\r\n\t\t\t\t\t\t\t<\/div>\r\n\t\t<\/div>\r\n\t\t<div class=\"content\">\r\n\t\t\t<div class=\"info\">\r\n\t\t\t\t<h6 class=\"title\">\r\n\t\t\t\t\t<a href=\"https:\/\/www.propiedadesisi21.cl\/en\/agent\/marcela-valdes-salazar\/\">Marcela Valdes Salazar<\/a>\r\n\t\t\t\t<\/h6>\r\n\t\t\t\t\t\t\t\t\t\t\t\t\t\t\t<div class=\"position\">Agente<\/div>\r\n\t\t\t\t\t\t\t\t\t\t\t\t<\/div>\r\n\t\t\t\t\t\t\t\t<\/div>\r\n\t<\/div>\r\n<\/div>                  \r\n                                  <\/div>\r\n                  \r\n                              <\/div>\r\n         <\/div>\r\n         \t\t\t\t<\/div>\n\t\t\t\t<\/div>\n\t\t\t\t\t<\/div>\n\t\t\t\t<\/div>\n\t\t\t\t<\/div>","protected":false},"excerpt":{"rendered":"<p>Bienvenido a AsociadasO&#8217;higgins Bienvenidos a &#8220;Asociadas O&#8217;higgins&#8221;, donde convertimos las casas en hogares y los sue\u00f1os en realidad. Entendemos que un hogar es m\u00e1s que [&hellip;]<\/p>","protected":false},"author":1,"featured_media":0,"parent":0,"menu_order":0,"comment_status":"closed","ping_status":"closed","template":"elementor_header_footer","meta":{"inline_featured_image":false,"footnotes":""},"class_list":["post-109","page","type-page","status-publish","hentry"],"_links":{"self":[{"href":"https:\/\/www.propiedadesisi21.cl\/en\/wp-json\/wp\/v2\/pages\/109","targetHints":{"allow":["GET"]}}],"collection":[{"href":"https:\/\/www.propiedadesisi21.cl\/en\/wp-json\/wp\/v2\/pages"}],"about":[{"href":"https:\/\/www.propiedadesisi21.cl\/en\/wp-json\/wp\/v2\/types\/page"}],"author":[{"embeddable":true,"href":"https:\/\/www.propiedadesisi21.cl\/en\/wp-json\/wp\/v2\/users\/1"}],"replies":[{"embeddable":true,"href":"https:\/\/www.propiedadesisi21.cl\/en\/wp-json\/wp\/v2\/comments?post=109"}],"version-history":[{"count":47,"href":"https:\/\/www.propiedadesisi21.cl\/en\/wp-json\/wp\/v2\/pages\/109\/revisions"}],"predecessor-version":[{"id":5203,"href":"https:\/\/www.propiedadesisi21.cl\/en\/wp-json\/wp\/v2\/pages\/109\/revisions\/5203"}],"wp:attachment":[{"href":"https:\/\/www.propiedadesisi21.cl\/en\/wp-json\/wp\/v2\/media?parent=109"}],"curies":[{"name":"wp","href":"https:\/\/api.w.org\/{rel}","templated":true}]}}