{"id":418,"date":"2024-04-04T08:05:25","date_gmt":"2024-04-04T08:05:25","guid":{"rendered":"https:\/\/homeyawp.themesflat.co\/?page_id=418"},"modified":"2025-05-06T19:24:21","modified_gmt":"2025-05-06T22:24:21","slug":"politicas-y-privacidad","status":"publish","type":"page","link":"https:\/\/www.propiedadesisi21.cl\/en\/politicas-y-privacidad\/","title":{"rendered":"Politicas y Privacidad"},"content":{"rendered":"<div data-elementor-type=\"wp-page\" data-elementor-id=\"418\" class=\"elementor elementor-418\" data-elementor-post-type=\"page\">\n\t\t\t\t<div class=\"elementor-element elementor-element-0b4e330 e-flex e-con-boxed e-con e-parent\" data-id=\"0b4e330\" data-element_type=\"container\">\n\t\t\t\t\t<div class=\"e-con-inner\">\n\t\t\t\t<div class=\"elementor-element elementor-element-fce9c61 elementor-widget elementor-widget-tftabs\" data-id=\"fce9c61\" data-element_type=\"widget\" data-widget_type=\"tftabs.default\">\n\t\t\t\t<div class=\"elementor-widget-container\">\n\t\t\t\t\t\t\t<div id=\"tf-tabs-fce9c61\" class=\"tf-tabs\" data-tabid=\"fce9c61\">\r\n\r\n\t\t\t<div class=\"tf-tabcontent\">\r\n\t\t\t\t\t\t\t\t<div id=\"tab-1\" class=\"tf-tabcontent-inner  animated fadeIn\">\r\n\t\t\t\t\t<p><strong>Pol\u00edtica de Privacidad<\/strong><br \/><strong>Bienvenido\/a<\/strong><br \/>Nos tomamos tu privacidad tan en serio como t\u00fa. En esta pol\u00edtica te explicamos c\u00f3mo y por qu\u00e9 recopilamos, usamos, compartimos y gestionamos tu informaci\u00f3n personal. Tambi\u00e9n detallamos c\u00f3mo almacenamos y protegemos tus datos, y qu\u00e9 opciones tienes para revisar y controlar la informaci\u00f3n que tenemos sobre ti.<\/p><p><strong>Cada vez que:<\/strong><\/p><ul><li>Usas nuestros sitios web<\/li><li>Realizas un acuerdo con nosotros a trav\u00e9s de ellos<\/li><li>Te suscribes a nuestros servicios<\/li><\/ul><p>entenderemos que has le\u00eddo y aceptado esta pol\u00edtica.<\/p><p>Es posible que actualicemos esta pol\u00edtica de vez en cuando para mantenerla vigente, por lo que te recomendamos revisarla peri\u00f3dicamente. Si sigues utilizando nuestros sitios o servicios despu\u00e9s de cualquier cambio, se considerar\u00e1 que aceptas la versi\u00f3n actualizada.<\/p><p>Para m\u00e1s informaci\u00f3n o para gestionar tus datos personales, visita el Centro de Privacidad de Asociadas O'higgins.<\/p><p><strong>Nuestro compromiso con tu privacidad<\/strong><\/p><p>Sabemos lo importante que es proteger tu informaci\u00f3n personal. Siempre que recolectamos y tratamos tus datos, lo hacemos cumpliendo con la Ley de Privacidad y los Principios de Privacidad establecidos por las autoridades (como los Principios de Privacidad de Chile).<\/p><p><strong>Qu\u00e9 informaci\u00f3n recopilamos, c\u00f3mo la usamos y con qui\u00e9n la compartimos<\/strong><\/p><p>Las acciones que realizas en nuestros sitios pueden requerir que recopilemos cierta informaci\u00f3n personal. Por ejemplo, si quieres que te enviemos correos electr\u00f3nicos, necesitaremos tu direcci\u00f3n de correo electr\u00f3nico.<\/p><p>Generalmente, t\u00fa sabr\u00e1s qu\u00e9 informaci\u00f3n estamos recopilando, ya que ser\u00e1s t\u00fa quien nos la proporcione. Tambi\u00e9n podemos recolectar datos no personales, como las p\u00e1ginas que visitas dentro del sitio. Esto nos ayuda a ofrecerte una experiencia m\u00e1s personalizada y relevante. Por ejemplo, podr\u00edamos mostrarte propiedades similares a las que has visto.<\/p><p>Utilizamos cookies u otras tecnolog\u00edas para recolectar estos datos, por lo que puede que no siempre te des cuenta de ello. Al usar nuestros sitios, aceptas proporcionarnos \u00fanicamente:<\/p><ul><li>Tu propia informaci\u00f3n personal<\/li><li>Informaci\u00f3n personal de alguien que te haya autorizado a compartirla (como un contacto de referencia para una solicitud de arriendo).<\/li><\/ul><p>Solo usaremos o compartiremos tus datos para el prop\u00f3sito con el que los proporcionaste, o para uno muy relacionado. Por ejemplo, si te suscribes a un bolet\u00edn para compradores primerizos, podr\u00edamos mostrarte art\u00edculos con consejos de compra al visitar nuestro sitio.<\/p><p>Recuerda que siempre tendr\u00e1s el control sobre la informaci\u00f3n que recopilamos sobre ti.<\/p>\t\t\t\t<\/div>\r\n\t\t\t\t\t\t\t<\/div>\r\n\r\n\t\t\t<div class=\"tf-tabnav\">\r\n\t\t\t\t<ul>\r\n\t\t\t\t\t\t\t\t\t\t<li class=\"tablinks\" data-tab=\"tab-1\">\t\r\n\t\t\t\t\t\t\t\t\t\t\t\t\t<span class=\"tab-title-text\">Terminos de Uso<\/span>\r\n\t\t\t\t\t\t\t\t\t\t\t<\/li>\r\n\t\t\t\t\t\t\t\t\t<\/ul>\r\n\t\t\t\t\t\t\t<\/div>\r\n\r\n\t\t<\/div>\r\n\t\t\r\n\t\t\t\t\t\t<\/div>\n\t\t\t\t<\/div>\n\t\t\t\t\t<\/div>\n\t\t\t\t<\/div>\n\t\t\t\t<\/div>","protected":false},"excerpt":{"rendered":"<p>Pol\u00edtica de PrivacidadBienvenido\/aNos tomamos tu privacidad tan en serio como t\u00fa. En esta pol\u00edtica te explicamos c\u00f3mo y por qu\u00e9 recopilamos, usamos, compartimos y gestionamos [&hellip;]<\/p>","protected":false},"author":1,"featured_media":0,"parent":0,"menu_order":0,"comment_status":"closed","ping_status":"closed","template":"elementor_header_footer","meta":{"inline_featured_image":false,"footnotes":""},"class_list":["post-418","page","type-page","status-publish","hentry"],"_links":{"self":[{"href":"https:\/\/www.propiedadesisi21.cl\/en\/wp-json\/wp\/v2\/pages\/418","targetHints":{"allow":["GET"]}}],"collection":[{"href":"https:\/\/www.propiedadesisi21.cl\/en\/wp-json\/wp\/v2\/pages"}],"about":[{"href":"https:\/\/www.propiedadesisi21.cl\/en\/wp-json\/wp\/v2\/types\/page"}],"author":[{"embeddable":true,"href":"https:\/\/www.propiedadesisi21.cl\/en\/wp-json\/wp\/v2\/users\/1"}],"replies":[{"embeddable":true,"href":"https:\/\/www.propiedadesisi21.cl\/en\/wp-json\/wp\/v2\/comments?post=418"}],"version-history":[{"count":7,"href":"https:\/\/www.propiedadesisi21.cl\/en\/wp-json\/wp\/v2\/pages\/418\/revisions"}],"predecessor-version":[{"id":5200,"href":"https:\/\/www.propiedadesisi21.cl\/en\/wp-json\/wp\/v2\/pages\/418\/revisions\/5200"}],"wp:attachment":[{"href":"https:\/\/www.propiedadesisi21.cl\/en\/wp-json\/wp\/v2\/media?parent=418"}],"curies":[{"name":"wp","href":"https:\/\/api.w.org\/{rel}","templated":true}]}}